{"id":1509,"date":"2016-01-24T09:18:47","date_gmt":"2016-01-24T09:18:47","guid":{"rendered":"https:\/\/www.amiuris.es\/fr\/?page_id=1509"},"modified":"2016-01-24T09:18:47","modified_gmt":"2016-01-24T09:18:47","slug":"services","status":"publish","type":"page","link":"https:\/\/amiuris.es\/fr\/services\/","title":{"rendered":"Services"},"content":{"rendered":"<div class=\"wpb-content-wrapper\">[vc_row padding_top=&#8221;0&#8243;][vc_column css=&#8221;.vc_custom_1447018751156{padding-right: 10% !important;padding-left: 10% !important;}&#8221;][vc_tabs][vc_tab title=&#8221;CONSEIL JURIDIQUE ET FISCAL&#8221; tab_id=&#8221;1446727139370-6-6&#8243;][vc_column_text]Amiuris Avocats propose toutes sortes de services de conseil juridique et fiscal aux citoyens \u00e9trangers, et s\u2019occupe de la gestion de pratiquement toutes sortes de d\u00e9marches dont vous pouvez avoir besoin\u00a0; nos services s\u2019adressent tout sp\u00e9cialement au client r\u00e9sident ou non-r\u00e9sident poss\u00e9dant des biens en Espagne.<\/p>\n<h3>Principaux services offerts aux citoyens \u00e9trangers<\/h3>\n<ul>\n<li>Conseil juridique et fiscal aux citoyens \u00e9trangers, r\u00e9sidents et non-r\u00e9sidents, dans le processus d\u2019achat et de vente de biens en Espagne. Ce service comprend une \u00e9tude minutieuse de la situation juridique et urbanistique du bien, ainsi qu\u2019une \u00e9tude du r\u00e9gime fiscal applicable \u00e0 la transaction. Il comprend \u00e9galement la r\u00e9daction et la n\u00e9gociation de toutes sortes de contrats immobiliers.<\/li>\n<li>Planification successorale comprenant l\u2019\u00e9tude et la r\u00e9daction de testaments, d\u00e9marches relatives aux h\u00e9ritages de citoyens \u00e9trangers, r\u00e9sidents ou non-r\u00e9sidents, qui poss\u00e8dent des biens en Espagne.<\/li>\n<li>Gestion des imp\u00f4ts des non-r\u00e9sidents propri\u00e9taires de biens immobiliers en Espagne. Demande de remboursement du pr\u00e9l\u00e8vement de 3% appliqu\u00e9 aux vendeurs non-r\u00e9sidents.<\/li>\n<\/ul>\n[\/vc_column_text][\/vc_tab][vc_tab title=&#8221;DROIT DE L\u2019URBANISME ET DROIT DES \u00c9TRANGERS&#8221; tab_id=&#8221;1422634274248-3-4&#8243;][vc_column_text]Amiuris Avocats propose tous les services les plus importants dans les domaines du droit de l\u2019urbanisme et du droit des \u00e9trangers.<\/p>\n<h3>D\u00e9marches principales<\/h3>\n<ul>\n<li>Droit de l\u2019urbanisme : Gestion du permis de construire, de la licence de premi\u00e8re occupation et accomplissement des d\u00e9marches n\u00e9cessaires \u00e0 la r\u00e9gularisation des biens immobiliers aux fins de l\u2019enregistrement.<\/li>\n<li>Droit des \u00e9trangers\u00a0: Demande et d\u00e9livrance de visas et de permis de r\u00e9sidence.<\/li>\n<\/ul>\n[\/vc_column_text][\/vc_tab][vc_tab title=&#8221;DROIT COMMERCIAL&#8221; tab_id=&#8221;1446727028276-3-3&#8243;][vc_column_text]Amiuris Avocats propose \u00e9galement les principaux services dans le domaine du droit commercial.<\/p>\n<h3>Principales d\u00e9marches<\/h3>\n<ul>\n<li>Constitution d\u2019une soci\u00e9t\u00e9 en Espagne.<\/li>\n<li>Droits de propri\u00e9t\u00e9 industrielle\u00a0: brevets et marques<\/li>\n<\/ul>\n[\/vc_column_text][\/vc_tab][vc_tab title=&#8221;DROIT CIVIL&#8221; tab_id=&#8221;1447868650076-3-2&#8243;][vc_column_text]Dans le domaine du droit civil, Amiuris Avocats r\u00e9pond \u00e0 tous vos besoins \u00e9ventuels en tant que r\u00e9sident ou non-r\u00e9sident en Espagne, qu\u2019il s\u2019agisse de conseil et de protection juridiques ou de toutes sortes de r\u00e9clamations.<\/p>\n<h3>Principaux services<\/h3>\n<ul>\n<li>Conseil juridique en mati\u00e8re de division de la propri\u00e9t\u00e9.<\/li>\n<li>Conseil juridique en mati\u00e8re de location.<\/li>\n<li>Conseil juridique en mati\u00e8re de droit de la famille.<\/li>\n<li>Conseil juridique en mati\u00e8re de droit de succession.<\/li>\n<li>Conseil juridique en mati\u00e8re de responsabilit\u00e9 civile.<\/li>\n<li>Conseil juridique en mati\u00e8re d\u2019obligations et de contrats.<\/li>\n<\/ul>\n<h3>Droit de la proc\u00e9dure civile:<\/h3>\n<ul>\n<li>Jugements et transactions judiciaires. R\u00e9solution de controverses d\u00e9riv\u00e9es de contrats civils et commerciaux. Proc\u00e9dures de r\u00e8glement et de r\u00e9siliation de contrats.<\/li>\n<li>Jugements relatifs aux contrats de location urbains.<\/li>\n<li>R\u00e9clamations de montants : proc\u00e9dure orale et proc\u00e9dure ordinaire.<\/li>\n<li>Jugements de recouvrement de cr\u00e9ances, jugements d\u2019injonction \u00e0 payer et demandes de mesures provisoires.<\/li>\n<\/ul>\n[\/vc_column_text][\/vc_tab][\/vc_tabs][\/vc_column][\/vc_row]\n<\/div>","protected":false},"excerpt":{"rendered":"<p>Obermayer attorneys regularly work for financial institutions located throughout the Mid-Atlantic region and beyond.<\/p>\n","protected":false},"author":9192192,"featured_media":0,"parent":0,"menu_order":0,"comment_status":"open","ping_status":"closed","template":"","meta":{"footnotes":""},"class_list":["post-1509","page","type-page","status-publish","hentry"],"_links":{"self":[{"href":"https:\/\/amiuris.es\/fr\/wp-json\/wp\/v2\/pages\/1509","targetHints":{"allow":["GET"]}}],"collection":[{"href":"https:\/\/amiuris.es\/fr\/wp-json\/wp\/v2\/pages"}],"about":[{"href":"https:\/\/amiuris.es\/fr\/wp-json\/wp\/v2\/types\/page"}],"author":[{"embeddable":true,"href":"https:\/\/amiuris.es\/fr\/wp-json\/wp\/v2\/users\/9192192"}],"replies":[{"embeddable":true,"href":"https:\/\/amiuris.es\/fr\/wp-json\/wp\/v2\/comments?post=1509"}],"version-history":[{"count":2,"href":"https:\/\/amiuris.es\/fr\/wp-json\/wp\/v2\/pages\/1509\/revisions"}],"predecessor-version":[{"id":1515,"href":"https:\/\/amiuris.es\/fr\/wp-json\/wp\/v2\/pages\/1509\/revisions\/1515"}],"wp:attachment":[{"href":"https:\/\/amiuris.es\/fr\/wp-json\/wp\/v2\/media?parent=1509"}],"curies":[{"name":"wp","href":"https:\/\/api.w.org\/{rel}","templated":true}]}}