{"id":1502,"date":"2016-01-24T09:01:55","date_gmt":"2016-01-24T09:01:55","guid":{"rendered":"https:\/\/www.amiuris.es\/fr\/?page_id=1502"},"modified":"2020-08-18T16:36:08","modified_gmt":"2020-08-18T14:36:08","slug":"contactez-nous","status":"publish","type":"page","link":"https:\/\/amiuris.es\/fr\/contactez-nous\/","title":{"rendered":"Contactez Nous"},"content":{"rendered":"<div class=\"wpb-content-wrapper\">[vc_row row_type=&#8221;row_fullwidth_content&#8221; margin_top=&#8221;-40&#8243; padding_top=&#8221;0&#8243; padding_bottom=&#8221;20&#8243; class=&#8221;fit-screen&#8221;][vc_column][vc_column_text]<iframe loading=\"lazy\" src=\"https:\/\/www.google.com\/maps\/embed?pb=!1m18!1m12!1m3!1d12367.395552110549!2d-5.00869168587872!3d36.47478806395248!2m3!1f0!2f0!3f0!3m2!1i1024!2i768!4f13.1!3m3!1m2!1s0xd7328207578f7d5%3A0x15fabe0d00a1f86!2sAmiuris%20Abogados!5e0!3m2!1ses!2ses!4v1597141802782!5m2!1ses!2ses\" width=\"100%\" height=\"450\" frameborder=\"0\" allowfullscreen=\"allowfullscreen\"><\/iframe>[\/vc_column_text][\/vc_column][\/vc_row][vc_row row_type=&#8221;row_full_center_content&#8221;][vc_column width=&#8221;1\/2&#8243;]\n<div class=\"wpcf7 no-js\" id=\"wpcf7-f1525-o1\" lang=\"en-US\" dir=\"ltr\" data-wpcf7-id=\"1525\">\n<div class=\"screen-reader-response\"><p role=\"status\" aria-live=\"polite\" aria-atomic=\"true\"><\/p> <ul><\/ul><\/div>\n<form action=\"\/fr\/wp-json\/wp\/v2\/pages\/1502#wpcf7-f1525-o1\" method=\"post\" class=\"wpcf7-form init\" aria-label=\"Contact form\" novalidate=\"novalidate\" data-status=\"init\">\n<fieldset class=\"hidden-fields-container\"><input type=\"hidden\" name=\"_wpcf7\" value=\"1525\" \/><input type=\"hidden\" name=\"_wpcf7_version\" value=\"6.1.5\" \/><input type=\"hidden\" name=\"_wpcf7_locale\" value=\"en_US\" \/><input type=\"hidden\" name=\"_wpcf7_unit_tag\" value=\"wpcf7-f1525-o1\" \/><input type=\"hidden\" name=\"_wpcf7_container_post\" value=\"0\" \/><input type=\"hidden\" name=\"_wpcf7_posted_data_hash\" value=\"\" \/><input type=\"hidden\" name=\"_wpcf7_recaptcha_response\" value=\"\" \/>\n<\/fieldset>\n<div class=\"form_1_2\">\n\t<p><span class=\"wpcf7-form-control-wrap\" data-name=\"first-name\"><input size=\"40\" maxlength=\"400\" class=\"wpcf7-form-control wpcf7-text wpcf7-validates-as-required\" aria-required=\"true\" aria-invalid=\"false\" placeholder=\"Pr\u00e9nom *\" value=\"\" type=\"text\" name=\"first-name\" \/><\/span>\n\t<\/p>\n<\/div>\n<div class=\"form_1_2 last\">\n\t<p><span class=\"wpcf7-form-control-wrap\" data-name=\"last-name\"><input size=\"40\" maxlength=\"400\" class=\"wpcf7-form-control wpcf7-text wpcf7-validates-as-required\" aria-required=\"true\" aria-invalid=\"false\" placeholder=\"Nom *\" value=\"\" type=\"text\" name=\"last-name\" \/><\/span>\n\t<\/p>\n<\/div>\n<div class=\"clear\">\n<\/div>\n<div class=\"form_1_2\">\n\t<p><span class=\"wpcf7-form-control-wrap\" data-name=\"your-email\"><input size=\"40\" maxlength=\"400\" class=\"wpcf7-form-control wpcf7-email wpcf7-validates-as-required wpcf7-text wpcf7-validates-as-email\" aria-required=\"true\" aria-invalid=\"false\" placeholder=\"Email *\" value=\"\" type=\"email\" name=\"your-email\" \/><\/span>\n\t<\/p>\n<\/div>\n<div class=\"form_1_2 last\">\n\t<p><span class=\"wpcf7-form-control-wrap\" data-name=\"tel-879\"><input size=\"40\" maxlength=\"400\" class=\"wpcf7-form-control wpcf7-tel wpcf7-validates-as-required wpcf7-text wpcf7-validates-as-tel\" aria-required=\"true\" aria-invalid=\"false\" placeholder=\"T\u00e9l\u00e9phone *\" value=\"\" type=\"tel\" name=\"tel-879\" \/><\/span>\n\t<\/p>\n<\/div>\n<div class=\"clear\">\n<\/div>\n<p><span class=\"wpcf7-form-control-wrap\" data-name=\"your-subject\"><input size=\"40\" maxlength=\"400\" class=\"wpcf7-form-control wpcf7-text\" aria-invalid=\"false\" placeholder=\"Objet\" value=\"\" type=\"text\" name=\"your-subject\" \/><\/span>\n<\/p>\n<p><span class=\"wpcf7-form-control-wrap\" data-name=\"your-message\"><textarea cols=\"40\" rows=\"10\" maxlength=\"2000\" class=\"wpcf7-form-control wpcf7-textarea\" aria-invalid=\"false\" placeholder=\"Message\" name=\"your-message\"><\/textarea><\/span>\n<\/p>\n<p><input class=\"wpcf7-form-control wpcf7-submit has-spinner btn btn-large btn-secondary\" type=\"submit\" value=\"Envoyer\" \/>\n<\/p><p style=\"display: none !important;\" class=\"akismet-fields-container\" data-prefix=\"_wpcf7_ak_\"><label>&#916;<textarea name=\"_wpcf7_ak_hp_textarea\" cols=\"45\" rows=\"8\" maxlength=\"100\"><\/textarea><\/label><input type=\"hidden\" id=\"ak_js_1\" name=\"_wpcf7_ak_js\" value=\"184\"\/><script type=\"text\/javascript\">\n\/* <![CDATA[ *\/\ndocument.getElementById( \"ak_js_1\" ).setAttribute( \"value\", ( new Date() ).getTime() );\n\/* ]]> *\/\n<\/script>\n<\/p><div class=\"wpcf7-response-output\" aria-hidden=\"true\"><\/div>\n<\/form>\n<\/div>\n[\/vc_column][vc_column width=&#8221;1\/2&#8243;][vc_column_text css=&#8221;.vc_custom_1453626063752{margin-top: -10px !important;}&#8221;]\n<h3 class=\"builder-heading\">N\u2019h\u00e9sitez pas \u00e0 nous contacter<\/h3>\n<p>Nous, Amiuris Avocats, serons ravis de vous rencontrer afin de pouvoir vous conseiller ou de pouvoir r\u00e9pondre \u00e0 vos questions quels que soient vos doutes\u00a0; vous pouvez nous contacter directement par t\u00e9l\u00e9phone ou remplir le formulaire suivant et nous prendrons contact avec vous dans un d\u00e9lai maximum de 24h.<br \/>\n[\/vc_column_text]\n\t<div class=\"contact-info-box wpb_content_element\">\n\t\t<h3 class=\"builder-heading\">Vos coordonn\u00e9es<\/h3>\n\t\t<div class=\"contact-info-item\">\n\t\t\t<div class=\"contact-text\"><span>Adresse<\/span><\/div>\n\t\t\t<div class=\"contact-value\">Avda. Virgen del Rocio s\/n<br \/>\nC\/C La Colonia, Centro de Negocios, Local 18, Oficina 12<br \/>\n29679 San Pedro Alc\u00e1ntara, M\u00e1laga.<\/div>\n\t\t<\/div>\n\t\t<div class=\"contact-info-item\">\n\t\t\t<div class=\"contact-text\"><span>T\u00e9l\u00e9phone<\/span><\/div>\n\t\t\t<div class=\"contact-value\">(+34) 660 801 458<\/div>\n\t\t<\/div>\n\t\t<div class=\"contact-info-item\">\n\t\t\t<div class=\"contact-text\"><span>Courriel<\/span><\/div>\n\t\t\t<div class=\"contact-value\">ana.mendoza@amiuris.es<\/div>\n\t\t<\/div>\n\t<\/div>[\/vc_column][\/vc_row]\n<\/div>","protected":false},"excerpt":{"rendered":"<p>[vc_row row_type=&#8221;row_fullwidth_content&#8221; margin_top=&#8221;-40&#8243; padding_top=&#8221;0&#8243; padding_bottom=&#8221;20&#8243; class=&#8221;fit-screen&#8221;][vc_column][vc_column_text][\/vc_column_text][\/vc_column][\/vc_row][vc_row row_type=&#8221;row_full_center_content&#8221;][vc_column width=&#8221;1\/2&#8243;][\/vc_column][vc_column width=&#8221;1\/2&#8243;][vc_column_text css=&#8221;.vc_custom_1453626063752{margin-top: -10px !important;}&#8221;] N\u2019h\u00e9sitez pas \u00e0 nous contacter Nous, Amiuris Avocats, &#8230;<\/p>\n","protected":false},"author":9192192,"featured_media":0,"parent":0,"menu_order":0,"comment_status":"open","ping_status":"closed","template":"","meta":{"footnotes":""},"class_list":["post-1502","page","type-page","status-publish","hentry"],"_links":{"self":[{"href":"https:\/\/amiuris.es\/fr\/wp-json\/wp\/v2\/pages\/1502","targetHints":{"allow":["GET"]}}],"collection":[{"href":"https:\/\/amiuris.es\/fr\/wp-json\/wp\/v2\/pages"}],"about":[{"href":"https:\/\/amiuris.es\/fr\/wp-json\/wp\/v2\/types\/page"}],"author":[{"embeddable":true,"href":"https:\/\/amiuris.es\/fr\/wp-json\/wp\/v2\/users\/9192192"}],"replies":[{"embeddable":true,"href":"https:\/\/amiuris.es\/fr\/wp-json\/wp\/v2\/comments?post=1502"}],"version-history":[{"count":5,"href":"https:\/\/amiuris.es\/fr\/wp-json\/wp\/v2\/pages\/1502\/revisions"}],"predecessor-version":[{"id":1560,"href":"https:\/\/amiuris.es\/fr\/wp-json\/wp\/v2\/pages\/1502\/revisions\/1560"}],"wp:attachment":[{"href":"https:\/\/amiuris.es\/fr\/wp-json\/wp\/v2\/media?parent=1502"}],"curies":[{"name":"wp","href":"https:\/\/api.w.org\/{rel}","templated":true}]}}