{"id":1498,"date":"2016-01-24T09:10:43","date_gmt":"2016-01-24T09:10:43","guid":{"rendered":"https:\/\/www.amiuris.es\/fr\/?page_id=1498"},"modified":"2021-12-30T12:43:14","modified_gmt":"2021-12-30T11:43:14","slug":"accueil","status":"publish","type":"page","link":"https:\/\/amiuris.es\/fr\/","title":{"rendered":"Accueil"},"content":{"rendered":"<div class=\"wpb-content-wrapper\">[vc_row row_type=&#8221;row_fullwidth_content&#8221; margin_top=&#8221;-60&#8243; padding_bottom=&#8221;0&#8243;][vc_column][rev_slider_vc alias=&#8221;inicio&#8221;][\/vc_column][\/vc_row][vc_row row_type=&#8221;row_full_center_content&#8221; row_meta_color=&#8221;false&#8221; padding_top=&#8221;30&#8243; padding_bottom=&#8221;30&#8243;][vc_column width=&#8221;3\/4&#8243; el_class=&#8221;mobile-center&#8221;][vc_column_text]\n<h2><span style=\"color: #777777; display: block; margin-top: -2px;\">Vous avez besoin de conseil\u00a0? Faites-nous confiance.<\/span><\/h2>\n[\/vc_column_text][\/vc_column][vc_column width=&#8221;1\/4&#8243; el_class=&#8221;mobile-center&#8221;][vc_button title=&#8221;Contactez-nous&#8221; margin_top=&#8221;0&#8243; margin_bottom=&#8221;0&#8243; margin_right=&#8221;0&#8243; link=&#8221;url:https%3A%2F%2Fwww.amiuris.es%2Ffr%2Fcontactez-nous%2F|title:Contactez%20Nous|&#8221; link_page=&#8221;10&#8243; target=&#8221;same_window&#8221; el_class=&#8221;right&#8221;][\/vc_column][\/vc_row][vc_row row_type=&#8221;row_full_center_content&#8221; padding_top=&#8221;60&#8243; padding_bottom=&#8221;20&#8243;][vc_column width=&#8221;2\/3&#8243;]\n\t<div class=\"custom-heading wpb_content_element \" style=\"margin-top: -10px;\">\n\t\t<h2 class=\"heading-title\" >Pourquoi choisir Amiuris ?<\/h2>\n\t\t<span class=\"heading-line primary\"><\/span>\n\t<\/div>[vc_column_text]\n<div class=\"large-4 columns\">\n<p><strong>Amiuris Avocats<\/strong> est une soci\u00e9t\u00e9 fond\u00e9e par ma\u00eetre Ana Mendoza, avocate, un cabinet d\u2019avocats qui se distingue du reste par le lien \u00e9troit qu\u2019il \u00e9tablit avec ses clients en relation avec le service de conseil juridique et fiscal destin\u00e9 aux citoyens \u00e9trangers, r\u00e9sidents ou non-r\u00e9sidents, qui poss\u00e8dent des biens en Espagne.<\/p>\n<p>De nos jours, de nombreux citoyens \u00e9trangers viennent en Espagne pour faire l\u2019acquisition d\u2019un bien immobilier, soit comme investissement, soit comme deuxi\u00e8me r\u00e9sidence, ou tout simplement pour s\u2019installer dans le pays et y vivre comme retrait\u00e9s, etc., et qui ont besoin d\u2019un avocat qui comprenne leur situation et qui soit capable de les informer sur toutes les questions relatives \u00e0 cette d\u00e9marche, et ce qui est le plus important, qui puisse s\u2019adresser \u00e0 eux en anglais, en n\u00e9erlandais, en fran\u00e7ais et en espagnol.<\/p>\n<p>Chaque cas est diff\u00e9rent, et c\u2019est la raison pour laquelle Amiuris offre une attention totalement personnalis\u00e9e, une relation cordiale et surtout une relation de confiance. Ana Mendoza, avocate distingu\u00e9e en raison de son exp\u00e9rience dans le domaine du droit civil, et en particulier dans celui du droit immobilier et dans celui du droit de succession, sera \u00e0 votre \u00e9coute, vous conseillera et vous expliquera de mani\u00e8re compr\u00e9hensible toutes les options qui vous conviennent le mieux.<\/p>\n<\/div>\n[\/vc_column_text][\/vc_column][vc_column width=&#8221;1\/3&#8243;][vc_single_image image=&#8221;1308&#8243; img_size=&#8221;large&#8221; alignment=&#8221;center&#8221; css=&#8221;.vc_custom_1447014844301{margin-top: 25% !important;}&#8221;][\/vc_column][\/vc_row][vc_row row_type=&#8221;row_full_center_content&#8221; padding_top=&#8221;70&#8243; padding_bottom=&#8221;50&#8243; class=&#8221;inverted-row&#8221;][vc_column]\n\t<div class=\"custom-heading wpb_content_element  text-center\">\n\t\t<h2 class=\"heading-title\" >PRINCIPAUX DOMAINES D'ACTIVIT\u00c9<\/h2>\n\t\t<span class=\"heading-line primary\"><\/span>\n\t<\/div>[vc_row_inner][vc_column_inner width=&#8221;1\/3&#8243;]\n\t<div class=\"iconbox-wrapper  text-center\">\n\t\t<div class=\"iconbox-icon\">\n\t\t\t\t<i class=\"fa fa-question-circle secondary\" style=\"font-size:80px;\"><\/i>\n\t\t<\/div>\n\t\t<h3 class=\"iconbox-heading\">\n\t\t\t\t<a href=\"https:\/\/www.amiuris.es\/fr\/services\/\">Conseil<\/a>\n\t\t<\/h3>\n\t\t\t<div class=\"iconbox-desc\">\n\t\t\t\t<p>Amiuris propose un service de conseil fiscal et juridique \u00e0 tous ses clients, et en particulier aux citoyens \u00e9trangers r\u00e9sidents en Espagne ainsi qu\u2019aux non-r\u00e9sidents.<\/p>\n\t\t\t<\/div>\n\t<\/div>[\/vc_column_inner][vc_column_inner width=&#8221;1\/3&#8243;]\n\t<div class=\"iconbox-wrapper  text-center\">\n\t\t<div class=\"iconbox-icon\">\n\t\t\t\t<i class=\"fa fa-bank secondary\" style=\"font-size:80px;\"><\/i>\n\t\t<\/div>\n\t\t<h3 class=\"iconbox-heading\">\n\t\t\t\t<a href=\"https:\/\/www.amiuris.es\/fr\/services\/\">Droit de l\u2019urbanisme et droit des \u00e9trangers<\/a>\n\t\t<\/h3>\n\t\t\t<div class=\"iconbox-desc\">\n\t\t\t\t<p>Amiuris Avocats propose tous les services les plus importants dans les domaines du droit de l\u2019urbanisme et du droit des \u00e9trangers.<\/p>\n\t\t\t<\/div>\n\t<\/div>[\/vc_column_inner][vc_column_inner width=&#8221;1\/3&#8243;]\n\t<div class=\"iconbox-wrapper  text-center\">\n\t\t<div class=\"iconbox-icon\">\n\t\t\t\t<i class=\"fa fa-child secondary\" style=\"font-size:80px;\"><\/i>\n\t\t<\/div>\n\t\t<h3 class=\"iconbox-heading\">\n\t\t\t\t<a href=\"https:\/\/www.amiuris.es\/fr\/services\/\">Droit civil<\/a>\n\t\t<\/h3>\n\t\t\t<div class=\"iconbox-desc\">\n\t\t\t\t<p>Amiuris Avocats r\u00e9pond \u00e0 tous vos besoins en tant que r\u00e9sident en Espagne, qu\u2019il s\u2019agisse de d\u00e9fense juridique ou de toutes sortes de r\u00e9clamations diverses.<\/p>\n\t\t\t<\/div>\n\t<\/div>[\/vc_column_inner][\/vc_row_inner][\/vc_column][\/vc_row][vc_row row_type=&#8221;row_full_center_content&#8221; bg_position=&#8221;center top&#8221; padding_top=&#8221;70&#8243; padding_bottom=&#8221;50&#8243;][vc_column width=&#8221;1\/2&#8243;]\n\t<div class=\"custom-heading wpb_content_element \" style=\"margin-top: -10px;\">\n\t\t<h2 class=\"heading-title\" >Voulez-vous vous renseigner ou demander un rendez-vous ?<\/h2>\n\t\t<span class=\"heading-line primary\"><\/span>\n\t<\/div>[vc_column_text]Si vous voulez nous contacter, il vous suffit de nous envoyer un courriel nous expliquant votre cas dans les grandes lignes afin que nous puissions vous contacter et \u00e9valuer d\u00e8s que possible votre situation.<\/p>\n<p>Que vous soyez ou non r\u00e9sident en Espagne, Amiuris Avocats est votre cabinet de confiance.<br \/>\n[\/vc_column_text][vc_button title=&#8221;Contactez-nous&#8221; color=&#8221;primary&#8221; link=&#8221;url:https%3A%2F%2Fwww.amiuris.es%2Ffr%2Fcontactez-nous%2F|title:Contactez%20Nous|&#8221;][\/vc_column][vc_column width=&#8221;1\/2&#8243;]\n\t<div class=\"custom-heading wpb_content_element \" style=\"margin-top: -10px;\">\n\t\t<h2 class=\"heading-title\" >O\u00f9 nous trouver ?<\/h2>\n\t\t<span class=\"heading-line primary\"><\/span>\n\t<\/div><iframe loading=\"lazy\" src=\"https:\/\/www.google.com\/maps\/embed?pb=!1m18!1m12!1m3!1d12367.395552110549!2d-5.00869168587872!3d36.47478806395248!2m3!1f0!2f0!3f0!3m2!1i1024!2i768!4f13.1!3m3!1m2!1s0xd7328207578f7d5%3A0x15fabe0d00a1f86!2sAmiuris%20Abogados!5e0!3m2!1ses!2ses!4v1597141802782!5m2!1ses!2ses\" width=\"100%\" height=\"250\" frameborder=\"0\"><\/iframe>[\/vc_column][\/vc_row]\n<\/div>","protected":false},"excerpt":{"rendered":"<p>[vc_row row_type=&#8221;row_fullwidth_content&#8221; margin_top=&#8221;-60&#8243; padding_bottom=&#8221;0&#8243;][vc_column][rev_slider_vc alias=&#8221;inicio&#8221;][\/vc_column][\/vc_row][vc_row row_type=&#8221;row_full_center_content&#8221; row_meta_color=&#8221;false&#8221; padding_top=&#8221;30&#8243; padding_bottom=&#8221;30&#8243;][vc_column width=&#8221;3\/4&#8243; el_class=&#8221;mobile-center&#8221;][vc_column_text] Vous avez besoin de conseil\u00a0? Faites-nous confiance. [\/vc_column_text][\/vc_column][vc_column width=&#8221;1\/4&#8243; &#8230;<\/p>\n","protected":false},"author":9192192,"featured_media":0,"parent":0,"menu_order":0,"comment_status":"closed","ping_status":"closed","template":"","meta":{"footnotes":""},"class_list":["post-1498","page","type-page","status-publish","hentry"],"_links":{"self":[{"href":"https:\/\/amiuris.es\/fr\/wp-json\/wp\/v2\/pages\/1498","targetHints":{"allow":["GET"]}}],"collection":[{"href":"https:\/\/amiuris.es\/fr\/wp-json\/wp\/v2\/pages"}],"about":[{"href":"https:\/\/amiuris.es\/fr\/wp-json\/wp\/v2\/types\/page"}],"author":[{"embeddable":true,"href":"https:\/\/amiuris.es\/fr\/wp-json\/wp\/v2\/users\/9192192"}],"replies":[{"embeddable":true,"href":"https:\/\/amiuris.es\/fr\/wp-json\/wp\/v2\/comments?post=1498"}],"version-history":[{"count":10,"href":"https:\/\/amiuris.es\/fr\/wp-json\/wp\/v2\/pages\/1498\/revisions"}],"predecessor-version":[{"id":1610,"href":"https:\/\/amiuris.es\/fr\/wp-json\/wp\/v2\/pages\/1498\/revisions\/1610"}],"wp:attachment":[{"href":"https:\/\/amiuris.es\/fr\/wp-json\/wp\/v2\/media?parent=1498"}],"curies":[{"name":"wp","href":"https:\/\/api.w.org\/{rel}","templated":true}]}}